{"id":1004,"date":"2019-05-07T20:40:26","date_gmt":"2019-05-07T20:40:26","guid":{"rendered":"http:\/\/montenegromedin.com\/me\/?page_id=1004"},"modified":"2019-05-19T18:21:54","modified_gmt":"2019-05-19T18:21:54","slug":"o-nama","status":"publish","type":"page","link":"https:\/\/montenegromedin.com\/me\/o-nama\/","title":{"rendered":"O nama"},"content":{"rendered":"<p>[vc_row][vc_column][vc_custom_heading text=&#8221;Guest House Medin&#8221; font_container=&#8221;tag:h2|text_align:center|color:%231c1c1c&#8221; use_theme_fonts=&#8221;yes&#8221;][vc_column_text]Guest House Medin nalazi se u Petrovcu na Moru u Budvanskoj op\u0161tini, na 18 km od Budve i nudi prostranu terasu za sun\u010danje i pogled na more i vrt.<\/p>\n<p>Guest House Medin nudi klimatizovane smke\u0161tajne jedinice u Petrovcu na Moru. Objekat je udaljen samo 200 metara od najbli\u017ee pla\u017ee i uklju\u010duje besplatni WiFi. Sve sobe imaju kablovsku televiziju. Neke sobe imaju prostor za sjedenje za opu\u0161tanje nakon napornog dana. Sobe tako\u0111e imaju terasu ili balkon.<\/p>\n<p>Sobe imaju sopstveno kupatilo. Sve sobe su opremljene fri\u017eiderom, a neke imaju opremljenu \u010dajnu kuhinju sa plo\u010dom za kuvanje i trpezarijom.<\/p>\n<p>U blizini se nalazi restoran, kafic\u0301, pijaca i market. Grad Sveti Stefan sa svojom prelijepom pla\u017eom i istorijskim znamenitostima udaljen je 10 km od smje\u0161tajnih jedinica.[\/vc_column_text][vc_single_image image=&#8221;1229&#8243; img_size=&#8221;large&#8221; alignment=&#8221;center&#8221;][vc_column_text]<\/p>\n<h2 style=\"text-align: center;\"><span style=\"color: #e16326;\"><strong>DESTINACIJA<\/strong><\/span><\/h2>\n<p>[\/vc_column_text][\/vc_column][\/vc_row][vc_row][vc_column width=&#8221;1\/2&#8243;][vc_column_text]<\/p>\n<h3><strong>Dobrodo\u0161li u Petrovac<\/strong><\/h3>\n<p>Petrovac je predivan mali grad na crnogorskoj obali, idealan za porodi\u010dni odmor. Priroda oko Petrovca je bujna, zelena i raznovrsna. Glavna gradska pla\u017ea je veli\u010danstveni zaliv u obliku polumjeseca, formiran od crvenkastog \u0161ljunkovitog pijeska i poduprt atraktivnim zelenim \u0161etali\u0161tem. Du\u017e \u0161etali\u0161ta, a posebno na sjevernom kraju zaliva, nac\u0301i c\u0301ete pregr\u0161t kafic\u0301a i odli\u010dnih restorana sa morskim plodovima.<\/p>\n<p>Ova oblast je bila magnet za bogate turiste iz biv\u0161e Jugoslavije u jazu izme\u0111u Prvog i Drugog svjetskog rata, a posjetioci ovog kraja mogu i vidjeti za\u0161to, iz mirnog seoskog ambijenta i uz 600 metara crvene pje\u0161\u010dane pla\u017ee. Za razliku od obli\u017enje Budve, ili crnogorskog Majamija, sa svojim svjetlima i muzikom \u200b\u200bi \u017eivahnim klubovima i restoranima, Petrovac je mirniji i opu\u0161teniji prostor koji privla\u010di porodice i ljude koji u\u017eivaju u prirodi. Ispred ovog malog grada, u sredini njegovih voda, nalaze se 2 ostrvca. Sveta Nedjelja i Katic\u0301 su veoma atraktivni za sve posjetioce i na jednoj od njih se nalazi crkva.[\/vc_column_text][\/vc_column][vc_column width=&#8221;1\/2&#8243; css=&#8221;.vc_custom_1557996488390{padding-top: 37px !important;}&#8221;][vc_column_text]Petrovac nudi veliki izbor aktivnosti i mjesta za razgledanje. Prije svega, morate posjetiti tri najva\u017enije pla\u017ee u gradu. Centralna pla\u017ea u samom gradu poznata je po crvenom pijesku. Pla\u017ea Lu\u010dice je udaljena samo 800 metara od centra grada i poznata je po nebesko plavoj vodi i visokim borovima koji se uzdi\u017eu iznad sirovih litica. Sa pla\u017ee Lu\u010dice nalazi se prekrasan put do obli\u017enje pla\u017ee Buljarice, jedne od najdu\u017eih pla\u017ea na obali, du\u017eine 4 km i okru\u017eene mo\u010dvarnim stani\u0161tem koje je dom brojnim pticama migrantima.<\/p>\n<p>U Petrovcu posjetite tvr\u0111avu Castello, koja je u pro\u0161losti bila skladi\u0161te vina i maslinovog ulja. Danas je tvr\u0111ava Castello istorijski spomenik sa lijepom terasom odakle mo\u017eete u\u017eivati u predivnom pogledu na more.[\/vc_column_text][\/vc_column][\/vc_row]<\/p>\n","protected":false},"excerpt":{"rendered":"<p>[vc_row][vc_column][vc_custom_heading text=&#8221;Guest House Medin&#8221; font_container=&#8221;tag:h2|text_align:center|color:%231c1c1c&#8221; use_theme_fonts=&#8221;yes&#8221;][vc_column_text]Guest House Medin nalazi se u Petrovcu na Moru u Budvanskoj op\u0161tini, na 18 km od Budve i nudi prostranu terasu za sun\u010danje i pogled na more i vrt. Guest House Medin nudi klimatizovane smke\u0161tajne jedinice u Petrovcu na Moru. Objekat je udaljen samo 200 metara od najbli\u017ee pla\u017ee i [&hellip;]<\/p>\n","protected":false},"author":1,"featured_media":0,"parent":0,"menu_order":0,"comment_status":"closed","ping_status":"closed","template":"","meta":[],"_links":{"self":[{"href":"https:\/\/montenegromedin.com\/me\/wp-json\/wp\/v2\/pages\/1004"}],"collection":[{"href":"https:\/\/montenegromedin.com\/me\/wp-json\/wp\/v2\/pages"}],"about":[{"href":"https:\/\/montenegromedin.com\/me\/wp-json\/wp\/v2\/types\/page"}],"author":[{"embeddable":true,"href":"https:\/\/montenegromedin.com\/me\/wp-json\/wp\/v2\/users\/1"}],"replies":[{"embeddable":true,"href":"https:\/\/montenegromedin.com\/me\/wp-json\/wp\/v2\/comments?post=1004"}],"version-history":[{"count":10,"href":"https:\/\/montenegromedin.com\/me\/wp-json\/wp\/v2\/pages\/1004\/revisions"}],"predecessor-version":[{"id":1325,"href":"https:\/\/montenegromedin.com\/me\/wp-json\/wp\/v2\/pages\/1004\/revisions\/1325"}],"wp:attachment":[{"href":"https:\/\/montenegromedin.com\/me\/wp-json\/wp\/v2\/media?parent=1004"}],"curies":[{"name":"wp","href":"https:\/\/api.w.org\/{rel}","templated":true}]}}