{"id":1043,"date":"2019-05-15T19:16:57","date_gmt":"2019-05-15T19:16:57","guid":{"rendered":"http:\/\/montenegromedin.com\/me\/?page_id=1043"},"modified":"2025-05-17T09:41:33","modified_gmt":"2025-05-17T09:41:33","slug":"smjestaj","status":"publish","type":"page","link":"https:\/\/montenegromedin.com\/me\/smjestaj\/","title":{"rendered":"Smje\u0161taj"},"content":{"rendered":"<p>[vc_row][vc_column width=&#8221;1\/2&#8243; css=&#8221;.vc_custom_1557948972183{padding-bottom: 10px !important;}&#8221;][vc_single_image image=&#8221;894&#8243; img_size=&#8221;large&#8221; alignment=&#8221;center&#8221; onclick=&#8221;custom_link&#8221; link=&#8221;https:\/\/montenegromedin.com\/me\/predsjednicki-suite\/&#8221; css=&#8221;.vc_custom_1558011555417{margin-bottom: 0px !important;border-bottom-width: 0px !important;padding-bottom: 0px !important;}&#8221;][vc_column_text css=&#8221;.vc_custom_1649789210682{margin-top: 0px !important;margin-bottom: 0px !important;border-top-width: 0px !important;border-bottom-width: 0px !important;padding-top: 15px !important;padding-bottom: 10px !important;}&#8221;]<\/p>\n<h4 style=\"text-align: center;\"><a href=\"https:\/\/montenegromedin.com\/me\/predsjednicki-suite\/\">Predsjedni\u010dki Suite<\/a><\/h4>\n<h4 style=\"text-align: center;\"><strong><span style=\"color: #e16426;\">Cijena na upit<\/span><\/strong><\/h4>\n<p><strong>Parking<\/strong>: Javni parking je dostupan u blizini (rezervacija je neophodna) i napla\u0107uje se.<br \/>\n<strong>Veli\u010dina apartmana<\/strong>: 80 m\u00b2<br \/>\n<strong>Spava\u0107a soba 1<\/strong> \u2013 1 ekstra veliki bra\u010dni krevet<br \/>\n<strong>Dnevna soba 1<\/strong> \u2013 1 kau\u010d na razvla\u010denje<br \/>\n<strong>Maksimalan broj gostiju<\/strong>: 4[\/vc_column_text][vc_btn title=&#8221;POGLEDAJTE DETALJNIJE&#8221; style=&#8221;classic&#8221; shape=&#8221;square&#8221; color=&#8221;sky&#8221; align=&#8221;center&#8221; button_block=&#8221;true&#8221; link=&#8221;url:http%3A%2F%2Fmontenegromedin.com%2Fme%2Fpredsjednicki-suite%2F|||&#8221; css=&#8221;.vc_custom_1558011585907{margin-top: 0px !important;border-top-width: 0px !important;padding-top: -10px !important;}&#8221;][\/vc_column][vc_column width=&#8221;1\/2&#8243; css=&#8221;.vc_custom_1557948980349{padding-bottom: 10px !important;}&#8221;][vc_single_image image=&#8221;865&#8243; img_size=&#8221;large&#8221; alignment=&#8221;center&#8221; onclick=&#8221;custom_link&#8221; link=&#8221;https:\/\/montenegromedin.com\/me\/deluks-suite-sa-pogledom-na-more\/&#8221; css=&#8221;.vc_custom_1558011835663{margin-bottom: 0px !important;border-bottom-width: 0px !important;padding-bottom: 0px !important;}&#8221;][vc_column_text css=&#8221;.vc_custom_1649789215112{margin-top: 0px !important;margin-bottom: 0px !important;border-top-width: 0px !important;border-bottom-width: 0px !important;padding-top: 15px !important;padding-bottom: 10px !important;}&#8221;]<\/p>\n<h4 style=\"text-align: center;\"><a href=\"https:\/\/montenegromedin.com\/me\/deluks-suite-sa-pogledom-na-more\/\">Deluks Suite sa Pogledom na More<\/a><\/h4>\n<h4 style=\"text-align: center;\"><strong><span style=\"color: #e16426;\">Cijena na upit<\/span><\/strong><\/h4>\n<p><strong>Parking:\u00a0<\/strong>Javni parking je dostupan u blizini (rezervacija je neophodna) i napla\u0107uje se.<br \/>\n<strong>Veli\u010dina apartmana:\u00a0<\/strong>75 m\u00b2<br \/>\n<strong>Spava\u0107a soba 1:<\/strong>1 ekstra veliki bra\u010dni krevet 1 krevet za 1 osobu<br \/>\n<strong>Dnevna soba:\u00a0<\/strong>1 kau\u010d na razvla\u010denje<br \/>\n<strong>Maksimalan broj gostiju<\/strong>: 5[\/vc_column_text][vc_btn title=&#8221;POGLEDAJTE DETALJNIJE&#8221; style=&#8221;classic&#8221; shape=&#8221;square&#8221; color=&#8221;sky&#8221; align=&#8221;center&#8221; button_block=&#8221;true&#8221; link=&#8221;url:http%3A%2F%2Fmontenegromedin.com%2Fme%2Fdeluks-suite-sa-pogledom-na-more%2F|||&#8221; css=&#8221;.vc_custom_1558011859878{margin-top: 0px !important;border-top-width: 0px !important;padding-top: -10px !important;}&#8221;][\/vc_column][\/vc_row][vc_row][vc_column width=&#8221;1\/2&#8243; css=&#8221;.vc_custom_1557948972183{padding-bottom: 10px !important;}&#8221;][vc_single_image image=&#8221;1481&#8243; img_size=&#8221;large&#8221; alignment=&#8221;center&#8221; onclick=&#8221;custom_link&#8221; link=&#8221;https:\/\/montenegromedin.com\/me\/porodicni-apartman-tipa-suite-sa-balkonom\/&#8221; css=&#8221;.vc_custom_1747474903973{margin-bottom: 0px !important;border-bottom-width: 0px !important;padding-bottom: 0px !important;}&#8221;][vc_column_text css=&#8221;.vc_custom_1649789220175{margin-top: 0px !important;margin-bottom: 0px !important;border-top-width: 0px !important;border-bottom-width: 0px !important;padding-top: 15px !important;padding-bottom: 10px !important;}&#8221;]<\/p>\n<h4 style=\"text-align: center;\"><a href=\"https:\/\/montenegromedin.com\/me\/porodicni-apartman-tipa-suite-sa-balkonom\/\">Porodi\u010dni Apartman tipa \u201cSuite\u201d sa Balkonom<\/a><\/h4>\n<h4 style=\"text-align: center;\"><strong><span style=\"color: #e16426;\">Cijena na upit<\/span><\/strong><\/h4>\n<p>Ovaj apartman ima balkon, klima ure\u0111aj i plo\u010dice\/mramorni pod.<br \/>\n<strong>Parking:\u00a0<\/strong>Javni parking je dostupan u blizini (rezervacija je neophodna) i napla\u0107uje se.<br \/>\n<strong>Veli\u010dina apartmana:\u00a0<\/strong>40 m\u00b2<br \/>\n<strong>Dnevna soba:\u00a0<\/strong>1 kau\u010d na razvla\u010denje<br \/>\n<strong>Bedroom 2:<\/strong>1 krevet za 1 osobu 1 veliki bra\u010dni krevet<br \/>\n<strong>Maksimalan broj gostiju<\/strong>: 3[\/vc_column_text][vc_btn title=&#8221;POGLEDAJTE DETALJNIJE&#8221; style=&#8221;classic&#8221; shape=&#8221;square&#8221; color=&#8221;sky&#8221; align=&#8221;center&#8221; button_block=&#8221;true&#8221; link=&#8221;url:http%3A%2F%2Fmontenegromedin.com%2Fme%2Fporodicni-apartman-tipa-suite-sa-balkonom%2F|||&#8221; css=&#8221;.vc_custom_1558011917452{margin-top: 0px !important;border-top-width: 0px !important;padding-top: -10px !important;}&#8221;][\/vc_column][vc_column width=&#8221;1\/2&#8243; css=&#8221;.vc_custom_1557948980349{padding-bottom: 10px !important;}&#8221;][vc_single_image image=&#8221;790&#8243; img_size=&#8221;large&#8221; alignment=&#8221;center&#8221; onclick=&#8221;custom_link&#8221; link=&#8221;https:\/\/montenegromedin.com\/me\/apartman-sa-jednom-spavacom-sobom-i-pogledom-na-vrt\/&#8221; css=&#8221;.vc_custom_1558011939694{margin-bottom: 0px !important;border-bottom-width: 0px !important;padding-bottom: 0px !important;}&#8221;][vc_column_text css=&#8221;.vc_custom_1649789224912{margin-top: 0px !important;margin-bottom: 0px !important;border-top-width: 0px !important;border-bottom-width: 0px !important;padding-top: 15px !important;padding-bottom: 10px !important;}&#8221;]<\/p>\n<h4 style=\"text-align: center;\"><a href=\"https:\/\/montenegromedin.com\/me\/apartman-sa-jednom-spavacom-sobom-i-pogledom-na-vrt\/\">Apartman sa jednom Spava\u0107om Sobom i Pogledom na Vrt<\/a><\/h4>\n<h4 style=\"text-align: center;\"><strong><span style=\"color: #e16426;\">Cijena na upit<\/span><\/strong><\/h4>\n<p>Ovaj apartman ima balkon, prostor za sjedenje i kuhinjsko posu\u0111e.<br \/>\n<strong>Parking:\u00a0<\/strong>Javni parking je dostupan u blizini (rezervacija je neophodna) i napla\u0107uje se.<br \/>\n<strong>Veli\u010dina apartmana:\u00a0<\/strong>40 m\u00b2<br \/>\n<strong>Spava\u0107a soba 1 \u2013\u00a0<\/strong>1 ekstra veliki bra\u010dni krevet 1 bra\u010dni krevet<br \/>\n<strong>Dnevna soba 1 \u2013\u00a0<\/strong>1 kau\u010d na razvla\u010denje<br \/>\n<strong>Maksimalan broj gostiju<\/strong>: 3[\/vc_column_text][vc_btn title=&#8221;POGLEDAJTE DETALJNIJE&#8221; style=&#8221;classic&#8221; shape=&#8221;square&#8221; color=&#8221;sky&#8221; align=&#8221;center&#8221; button_block=&#8221;true&#8221; link=&#8221;url:http%3A%2F%2Fmontenegromedin.com%2Fme%2Fapartman-sa-jednom-spavacom-sobom-i-pogledom-na-vrt%2F|||&#8221; css=&#8221;.vc_custom_1558011963467{margin-top: 0px !important;border-top-width: 0px !important;padding-top: -10px !important;}&#8221;][\/vc_column][\/vc_row][vc_row][vc_column width=&#8221;1\/2&#8243; css=&#8221;.vc_custom_1557948972183{padding-bottom: 10px !important;}&#8221;][vc_single_image image=&#8221;1403&#8243; img_size=&#8221;large&#8221; alignment=&#8221;center&#8221; onclick=&#8221;custom_link&#8221; link=&#8221;https:\/\/montenegromedin.com\/me\/standardni-trokrevetni-studio\/&#8221; css=&#8221;.vc_custom_1650401179995{margin-bottom: 0px !important;border-bottom-width: 0px !important;padding-bottom: 0px !important;}&#8221;][vc_column_text css=&#8221;.vc_custom_1650400853515{margin-top: 0px !important;margin-bottom: 0px !important;border-top-width: 0px !important;border-bottom-width: 0px !important;padding-top: 15px !important;padding-bottom: 10px !important;}&#8221;]<\/p>\n<h4 style=\"text-align: center;\"><a href=\"https:\/\/montenegromedin.com\/me\/lux-trokrevetni-studio\/\">Lux Trokrevetni Studio<\/a><\/h4>\n<h4 style=\"text-align: center;\"><strong><span style=\"color: #e16426;\">Cijena na upit<\/span><\/strong><\/h4>\n<p>Ovaj studio apartman ima balkon, klima ure\u0111aj i plo\u010dice\/mramorni pod.<br \/>\n<strong>Parking:\u00a0<\/strong>Javni parking je dostupan u blizini (rezervacija je neophodna) i napla\u0107uje se.<br \/>\n<strong>Veli\u010dina apartmana:\u00a0<\/strong>25 m\u00b2, 1 krevet za 1 osobu &amp; 1 veliki bra\u010dni krevet.<br \/>\n<strong>Maksimalan broj gostiju<\/strong>: 3[\/vc_column_text][vc_btn title=&#8221;POGLEDAJTE DETALJNIJE&#8221; style=&#8221;classic&#8221; shape=&#8221;square&#8221; color=&#8221;sky&#8221; align=&#8221;center&#8221; button_block=&#8221;true&#8221; link=&#8221;url:http%3A%2F%2Fmontenegromedin.com%2Fme%2Flux-trokrevetni-studio%2F|||&#8221; css=&#8221;.vc_custom_1650400862245{margin-top: 0px !important;border-top-width: 0px !important;padding-top: -10px !important;}&#8221;][\/vc_column][vc_column width=&#8221;1\/2&#8243; css=&#8221;.vc_custom_1557948980349{padding-bottom: 10px !important;}&#8221;][vc_single_image image=&#8221;891&#8243; img_size=&#8221;large&#8221; alignment=&#8221;center&#8221; onclick=&#8221;custom_link&#8221; link=&#8221;https:\/\/montenegromedin.com\/me\/studio-sa-pogledom-na-more\/&#8221; css=&#8221;.vc_custom_1558012029437{margin-bottom: 0px !important;border-bottom-width: 0px !important;padding-bottom: 0px !important;}&#8221;][vc_column_text css=&#8221;.vc_custom_1649789252320{margin-top: 0px !important;margin-bottom: 0px !important;border-top-width: 0px !important;border-bottom-width: 0px !important;padding-top: 15px !important;padding-bottom: 10px !important;}&#8221;]<\/p>\n<h4 style=\"text-align: center;\"><a href=\"https:\/\/montenegromedin.com\/me\/studio-sa-pogledom-na-more\/\">Studio sa Pogledom na More<\/a><\/h4>\n<h4 style=\"text-align: center;\"><strong><span style=\"color: #e16426;\">Cijena na upit<\/span><\/strong><\/h4>\n<p>Ovaj studio ima balkon, klima ure\u0111aj i plo\u010dice\/mramorni pod.<br \/>\n<strong>Parking:\u00a0<\/strong>Javni parking je dostupan u blizini (rezervacija je neophodna) i napla\u0107uje se.<br \/>\n<strong>Room Size:\u00a0<\/strong>20 m\u00b2, 1 bra\u010dni krevet<br \/>\n<strong>Maksimalan broj gostiju<\/strong>: 2[\/vc_column_text][vc_btn title=&#8221;POGLEDAJTE DETALJNIJE&#8221; style=&#8221;classic&#8221; shape=&#8221;square&#8221; color=&#8221;sky&#8221; align=&#8221;center&#8221; button_block=&#8221;true&#8221; link=&#8221;url:http%3A%2F%2Fmontenegromedin.com%2Fme%2Fstudio-sa-pogledom-na-more%2F|||&#8221; css=&#8221;.vc_custom_1558012053582{margin-top: 0px !important;border-top-width: 0px !important;padding-top: -10px !important;}&#8221;][\/vc_column][\/vc_row][vc_row][vc_column width=&#8221;1\/2&#8243; css=&#8221;.vc_custom_1557948972183{padding-bottom: 10px !important;}&#8221;][vc_single_image image=&#8221;754&#8243; img_size=&#8221;large&#8221; alignment=&#8221;center&#8221; onclick=&#8221;custom_link&#8221; link=&#8221;https:\/\/montenegromedin.com\/me\/dvokrevetna-soba-sa-bracnim-krevetom-balkonom-i-pogledom-na-vrt\/&#8221; css=&#8221;.vc_custom_1558012072656{margin-bottom: 0px !important;border-bottom-width: 0px !important;padding-bottom: 0px !important;}&#8221;][vc_column_text css=&#8221;.vc_custom_1649789256776{margin-top: 0px !important;margin-bottom: 0px !important;border-top-width: 0px !important;border-bottom-width: 0px !important;padding-top: 15px !important;padding-bottom: 10px !important;}&#8221;]<\/p>\n<h4 style=\"text-align: center;\"><a href=\"https:\/\/montenegromedin.com\/me\/dvokrevetna-soba-sa-bracnim-krevetom-balkonom-i-pogledom-na-vrt\/\">Dvokrevetna Soba sa Bra\u010dnim Krevetom, Balkonom i Pogledom na Vrt<\/a><\/h4>\n<h4 style=\"text-align: center;\"><strong><span style=\"color: #e16426;\">Cijena na upit<\/span><\/strong><\/h4>\n<p>Ova klimatizovana soba nudi TV sa kablovskim kanalima, fri\u017eider i balkon sa pogledom na vrt. Sadr\u017ei sopstveno kupatilo sa tu\u0161 kabinom i besplatnim toaletnim priborom.<br \/>\n<strong>Parking<\/strong>: Javni parking je dostupan u blizini (rezervacija je neophodna) i napla\u0107uje se.<br \/>\n<strong>Veli\u010dina sobe:\u00a0<\/strong>20 m\u00b2, 1 ekstra veliki bra\u010dni krevet.<br \/>\n<strong>Maksimalan broj gostiju:<\/strong>\u00a02[\/vc_column_text][vc_btn title=&#8221;POGLEDAJTE DETALJNIJE&#8221; style=&#8221;classic&#8221; shape=&#8221;square&#8221; color=&#8221;sky&#8221; align=&#8221;center&#8221; button_block=&#8221;true&#8221; link=&#8221;url:http%3A%2F%2Fmontenegromedin.com%2Fme%2Fdvokrevetna-soba-sa-bracnim-krevetom-balkonom-i-pogledom-na-vrt%2F|||&#8221; css=&#8221;.vc_custom_1558012100334{margin-top: 0px !important;border-top-width: 0px !important;padding-top: -10px !important;}&#8221;][\/vc_column][vc_column width=&#8221;1\/2&#8243; css=&#8221;.vc_custom_1557948980349{padding-bottom: 10px !important;}&#8221;][vc_single_image image=&#8221;1425&#8243; img_size=&#8221;large&#8221; alignment=&#8221;center&#8221; onclick=&#8221;custom_link&#8221; link=&#8221;https:\/\/montenegromedin.com\/me\/trokrevetna-soba-sa-balkonom\/&#8221; css=&#8221;.vc_custom_1650402220564{margin-bottom: 0px !important;border-bottom-width: 0px !important;padding-bottom: 0px !important;}&#8221;][vc_column_text css=&#8221;.vc_custom_1649789261047{margin-top: 0px !important;margin-bottom: 0px !important;border-top-width: 0px !important;border-bottom-width: 0px !important;padding-top: 15px !important;padding-bottom: 10px !important;}&#8221;]<\/p>\n<h4 style=\"text-align: center;\"><a href=\"https:\/\/montenegromedin.com\/me\/trokrevetna-soba-sa-balkonom\/\">Trokrevetna Soba sa Balkonom<\/a><\/h4>\n<h4 style=\"text-align: center;\"><strong><span style=\"color: #e16426;\">Cijena na upit<\/span><\/strong><\/h4>\n<p>Ova klimatizovana soba nudi TV sa kablovskim kanalima, fri\u017eider i balkon sa pogledom na vrt. Sadr\u017ei sopstveno kupatilo sa tu\u0161 kabinom i besplatnim toaletnim priborom.<br \/>\n<strong>Parking:\u00a0<\/strong>Javni parking je dostupan u blizini (rezervacija je neophodna) i napla\u0107uje se.<br \/>\n<strong>Veli\u010dina sobe:\u00a0<\/strong>28 m\u00b2, 1 krevet za 1 osobu &amp; 1 ekstra veliki bra\u010dni krevet.<br \/>\n<strong>Maksiamalan broj gostiju:<\/strong>\u00a03[\/vc_column_text][vc_btn title=&#8221;POGLEDAJTE DETALJNIJE&#8221; style=&#8221;classic&#8221; shape=&#8221;square&#8221; color=&#8221;sky&#8221; align=&#8221;center&#8221; button_block=&#8221;true&#8221; link=&#8221;url:http%3A%2F%2Fmontenegromedin.com%2Fme%2Ftrokrevetna-soba-sa-balkonom%2F|||&#8221; css=&#8221;.vc_custom_1558012144479{margin-top: 0px !important;border-top-width: 0px !important;padding-top: -10px !important;}&#8221;][\/vc_column][\/vc_row][vc_row][vc_column width=&#8221;1\/2&#8243; css=&#8221;.vc_custom_1557948972183{padding-bottom: 10px !important;}&#8221;][vc_single_image image=&#8221;1385&#8243; img_size=&#8221;large&#8221; alignment=&#8221;center&#8221; onclick=&#8221;custom_link&#8221; link=&#8221;https:\/\/montenegromedin.com\/me\/studio-sa-balkonom\/&#8221; css=&#8221;.vc_custom_1650399381810{margin-bottom: 0px !important;border-bottom-width: 0px !important;padding-bottom: 0px !important;}&#8221;][vc_column_text css=&#8221;.vc_custom_1650399354891{margin-top: 0px !important;margin-bottom: 0px !important;border-top-width: 0px !important;border-bottom-width: 0px !important;padding-top: 15px !important;padding-bottom: 10px !important;}&#8221;]<\/p>\n<h4 style=\"text-align: center;\"><a href=\"https:\/\/montenegromedin.com\/me\/trokrevetni-studio-apartman\/\">Trokrevetni Studio Apartman<\/a><\/h4>\n<h4 style=\"text-align: center;\"><strong><span style=\"color: #e16426;\">Cijena na upit<\/span><\/strong><\/h4>\n<p>Ovaj klimatizovani studio nudi TV sa kablovskim kanalima i balkon sa pogledom na vrt. Sadr\u017ei opremljenu \u010dajnu kuhinju sa plo\u010dom za kuvanje, fri\u017eiderom i trpezarijom. Studio ima sopstveno kupatilo sa tu\u0161 kabinom i besplatnim toaletnim priborom.<br \/>\n<strong>Parking<\/strong>: Javni parking je dostupan u blizini (rezervacija je neophodna) i napla\u0107uje se.<br \/>\n<strong>Veli\u010dina sobe:\u00a0<\/strong>30 m\u00b2, 1 krevet za 1 osobu &amp; 2 velika bra\u010dna kreveta.<br \/>\n<strong>Maksimalan broj gostiju:<\/strong>\u00a03[\/vc_column_text][vc_btn title=&#8221;POGLEDAJTE DETALJNIJE&#8221; style=&#8221;classic&#8221; shape=&#8221;square&#8221; color=&#8221;sky&#8221; align=&#8221;center&#8221; button_block=&#8221;true&#8221; link=&#8221;url:http%3A%2F%2Fmontenegromedin.com%2Fme%2Ftrokrevetni-studio-apartman%2F|||&#8221; css=&#8221;.vc_custom_1650399361525{margin-top: 0px !important;border-top-width: 0px !important;padding-top: -10px !important;}&#8221;][\/vc_column][vc_column width=&#8221;1\/2&#8243; css=&#8221;.vc_custom_1557948980349{padding-bottom: 10px !important;}&#8221;][vc_single_image image=&#8221;1063&#8243; img_size=&#8221;large&#8221; alignment=&#8221;center&#8221; onclick=&#8221;custom_link&#8221; link=&#8221;https:\/\/montenegromedin.com\/me\/apartman-sa-1-spavacom-sobom-i-balkonom\/&#8221; css=&#8221;.vc_custom_1558290439624{margin-bottom: 0px !important;border-bottom-width: 0px !important;padding-bottom: 0px !important;}&#8221;][vc_column_text css=&#8221;.vc_custom_1649789270815{margin-top: 0px !important;margin-bottom: 0px !important;border-top-width: 0px !important;border-bottom-width: 0px !important;padding-top: 15px !important;padding-bottom: 10px !important;}&#8221;]<\/p>\n<h4 style=\"text-align: center;\"><a href=\"https:\/\/montenegromedin.com\/me\/apartman-sa-1-spavacom-sobom-i-balkonom\/\">Apartman sa jednom Spava\u0107om Sobom i Balkonom<\/a><\/h4>\n<h4 style=\"text-align: center;\"><strong><span style=\"color: #e16426;\">Cijena na upit<\/span><\/strong><\/h4>\n<p>Ovaj klimatizovani apartman nudi TV sa kablovskim kanalima i balkon sa pogledom na vrt. Sadr\u017ei opremljenu \u010dajnu kuhinju sa plo\u010dom za kuvanje, fri\u017eiderom i trpezarijom. Apartman ima sopstveno kupatilo sa tu\u0161 kabinom i besplatnim toaletnim priborom.<br \/>\n<strong>Parking:\u00a0<\/strong>Javni parking je dostupan u blizini (rezervacija je neophodna) i napla\u0107uje se.<br \/>\n<strong>Veli\u010dina apartmana:\u00a0<\/strong>38 m\u00b2<br \/>\n<strong>Spava\u0107a soba 1 \u2013\u00a0<\/strong>1 krevet za 1 osobu 1 ekstra veliki bra\u010dni krevet<br \/>\n<strong>Dnevna soba 1 \u2013\u00a0<\/strong>1 kau\u010d na razvla\u010denje<br \/>\n<strong>Maksimalan broj gostiju:<\/strong>\u00a04[\/vc_column_text][vc_btn title=&#8221;POGLEDAJTE DETALJNIJE&#8221; style=&#8221;classic&#8221; shape=&#8221;square&#8221; color=&#8221;sky&#8221; align=&#8221;center&#8221; button_block=&#8221;true&#8221; link=&#8221;url:http%3A%2F%2Fmontenegromedin.com%2Fme%2Fapartman-sa-1-spavacom-sobom-i-balkonom%2F|||&#8221; css=&#8221;.vc_custom_1558290464029{margin-top: 0px !important;border-top-width: 0px !important;padding-top: -10px !important;}&#8221;][\/vc_column][\/vc_row]<\/p>\n","protected":false},"excerpt":{"rendered":"<p>[vc_row][vc_column width=&#8221;1\/2&#8243; css=&#8221;.vc_custom_1557948972183{padding-bottom: 10px !important;}&#8221;][vc_single_image image=&#8221;894&#8243; img_size=&#8221;large&#8221; alignment=&#8221;center&#8221; onclick=&#8221;custom_link&#8221; link=&#8221;https:\/\/montenegromedin.com\/me\/predsjednicki-suite\/&#8221; css=&#8221;.vc_custom_1558011555417{margin-bottom: 0px !important;border-bottom-width: 0px !important;padding-bottom: 0px !important;}&#8221;][vc_column_text css=&#8221;.vc_custom_1649789210682{margin-top: 0px !important;margin-bottom: 0px !important;border-top-width: 0px !important;border-bottom-width: 0px !important;padding-top: 15px !important;padding-bottom: 10px !important;}&#8221;] Predsjedni\u010dki Suite Cijena na upit Parking: Javni parking je dostupan u blizini (rezervacija je neophodna) i napla\u0107uje se. Veli\u010dina apartmana: 80 m\u00b2 Spava\u0107a soba 1 [&hellip;]<\/p>\n","protected":false},"author":1,"featured_media":0,"parent":0,"menu_order":0,"comment_status":"closed","ping_status":"closed","template":"","meta":[],"_links":{"self":[{"href":"https:\/\/montenegromedin.com\/me\/wp-json\/wp\/v2\/pages\/1043"}],"collection":[{"href":"https:\/\/montenegromedin.com\/me\/wp-json\/wp\/v2\/pages"}],"about":[{"href":"https:\/\/montenegromedin.com\/me\/wp-json\/wp\/v2\/types\/page"}],"author":[{"embeddable":true,"href":"https:\/\/montenegromedin.com\/me\/wp-json\/wp\/v2\/users\/1"}],"replies":[{"embeddable":true,"href":"https:\/\/montenegromedin.com\/me\/wp-json\/wp\/v2\/comments?post=1043"}],"version-history":[{"count":32,"href":"https:\/\/montenegromedin.com\/me\/wp-json\/wp\/v2\/pages\/1043\/revisions"}],"predecessor-version":[{"id":1497,"href":"https:\/\/montenegromedin.com\/me\/wp-json\/wp\/v2\/pages\/1043\/revisions\/1497"}],"wp:attachment":[{"href":"https:\/\/montenegromedin.com\/me\/wp-json\/wp\/v2\/media?parent=1043"}],"curies":[{"name":"wp","href":"https:\/\/api.w.org\/{rel}","templated":true}]}}