{"id":1219,"date":"2019-05-16T12:54:15","date_gmt":"2019-05-16T12:54:15","guid":{"rendered":"http:\/\/montenegromedin.com\/me\/?page_id=1219"},"modified":"2022-04-12T18:48:29","modified_gmt":"2022-04-12T18:48:29","slug":"apartman-sa-1-spavacom-sobom-i-balkonom","status":"publish","type":"page","link":"https:\/\/montenegromedin.com\/me\/apartman-sa-1-spavacom-sobom-i-balkonom\/","title":{"rendered":"Apartman sa 1 Spava\u0107om Sobom i Balkonom"},"content":{"rendered":"<p>[vc_row][vc_column width=&#8221;1\/4&#8243;][vc_column_text css=&#8221;.vc_custom_1558290385260{margin-bottom: 0px !important;border-bottom-width: 0px !important;padding-bottom: 10px !important;}&#8221;]<\/p>\n<h4>Apartman sa jednom Spava\u0107om Sobom i Balkonom<\/h4>\n<p>Ovaj klimatizovani apartman nudi TV sa kablovskim kanalima i balkon sa pogledom na vrt. Sadr\u017ei opremljenu \u010dajnu kuhinju sa plo\u010dom za kuvanje, fri\u017eiderom i trpezarijom. Apartman ima sopstveno kupatilo sa tu\u0161 kabinom i besplatnim toaletnim priborom.<\/p>\n<p><strong>Parking:\u00a0<\/strong>Javni parking je dostupan u blizini (rezervacija je neophodna) i napla\u0107uje se.<\/p>\n<p><strong>Veli\u010dina apartmana:\u00a0<\/strong>38 m\u00b2<\/p>\n<p><strong>Spava\u0107a soba 1 \u2013\u00a0<\/strong>1 krevet za 1 osobu 1 ekstra veliki bra\u010dni krevet<\/p>\n<p><strong>Dnevna soba 1 \u2013\u00a0<\/strong>1 kau\u010d na razvla\u010denje<\/p>\n<p><strong>Maksimalan broj gostiju:<\/strong>\u00a04[\/vc_column_text][vc_separator css=&#8221;.vc_custom_1557958211169{margin-top: 0px !important;margin-bottom: 0px !important;border-top-width: 0px !important;border-bottom-width: 0px !important;padding-top: 0px !important;padding-bottom: 0px !important;}&#8221;][vc_column_text css=&#8221;.vc_custom_1558011328819{margin-top: 0px !important;margin-bottom: 0px !important;border-top-width: 0px !important;border-bottom-width: 0px !important;padding-top: 10px !important;padding-bottom: 0px !important;}&#8221;]<\/p>\n<h4 class=\"title-room-facilites\">Sadr\u017eaji jedinice:<\/h4>\n<ul class=\"room-features-list\">\n<li><i class=\"fa fa-check\"><\/i>Balkon<\/li>\n<li><i class=\"fa fa-check\"><\/i>Besplatan WiFi<\/li>\n<li><i class=\"fa fa-check\"><\/i>Klima ure\u0111aj<\/li>\n<li><i class=\"fa fa-check\"><\/i>Kuhinja<\/li>\n<li><i class=\"fa fa-check\"><\/i>Sef<\/li>\n<\/ul>\n<p>[\/vc_column_text][vc_separator css=&#8221;.vc_custom_1557958248520{margin-top: 0px !important;margin-bottom: 0px !important;border-top-width: 0px !important;border-bottom-width: 0px !important;padding-top: 0px !important;padding-bottom: 0px !important;}&#8221;][vc_column_text css=&#8221;.vc_custom_1649789314338{margin-top: 0px !important;margin-bottom: 0px !important;border-top-width: 0px !important;border-bottom-width: 0px !important;padding-top: 10px !important;padding-bottom: 10px !important;}&#8221;]<\/p>\n<h3 style=\"text-align: center;\"><span style=\"color: #e16426;\">Cijena na upit<\/span><\/h3>\n<p>[\/vc_column_text][vc_btn title=&#8221;REZERVI\u0160ITE SADA&#8221; style=&#8221;classic&#8221; shape=&#8221;square&#8221; color=&#8221;sky&#8221; align=&#8221;center&#8221; button_block=&#8221;true&#8221; link=&#8221;url:http%3A%2F%2Fmontenegromedin.com%2Fme%2Frezervacije%2F|||&#8221; css=&#8221;.vc_custom_1558011354416{margin-top: 0px !important;margin-bottom: 0px !important;border-top-width: 0px !important;border-bottom-width: 0px !important;padding-top: 0px !important;padding-bottom: 0px !important;}&#8221;][\/vc_column][vc_column width=&#8221;3\/4&#8243;][vc_column_text]<div class=\"n2-section-smartslider \"><style>div#n2-ss-11{width:1024px;float:left;margin:0px 0px 0px 0px;}html[dir=\"rtl\"] div#n2-ss-11{float:right;}div#n2-ss-11 .n2-ss-slider-1{position:relative;padding-top:0px;padding-right:0px;padding-bottom:0px;padding-left:0px;height:681px;border-style:solid;border-width:0px;border-color:#3e3e3e;border-color:RGBA(62,62,62,1);border-radius:0px;background-clip:padding-box;background-repeat:repeat;background-position:50% 50%;background-size:cover;background-attachment:scroll;}div#n2-ss-11 .n2-ss-slider-background-video-container{position:absolute;left:0;top:0;width:100%;height:100%;overflow:hidden;}div#n2-ss-11 .n2-ss-slider-2{position:relative;width:100%;height:100%;}.x-firefox div#n2-ss-11 .n2-ss-slider-2{opacity:0.99999;}div#n2-ss-11 .n2-ss-slider-3{position:relative;width:100%;height:100%;overflow:hidden;outline:1px solid rgba(0,0,0,0);z-index:10;}div#n2-ss-11 .n2-ss-slide-backgrounds,div#n2-ss-11 .n2-ss-slider-3 > .n-particles-js-canvas-el,div#n2-ss-11 .n2-ss-slider-3 > .n2-ss-divider{position:absolute;left:0;top:0;width:100%;height:100%;}div#n2-ss-11 .n2-ss-slide-backgrounds{z-index:10;}div#n2-ss-11 .n2-ss-slider-3 > .n-particles-js-canvas-el{z-index:12;}div#n2-ss-11 .n2-ss-slide-backgrounds > *{overflow:hidden;}div#n2-ss-11 .n2-ss-slide{position:absolute;top:0;left:0;width:100%;height:100%;z-index:20;display:block;-webkit-backface-visibility:hidden;}div#n2-ss-11 .n2-ss-layers-container{position:relative;width:1024px;height:681px;}div#n2-ss-11 .n2-ss-parallax-clip > .n2-ss-layers-container{position:absolute;right:0;}div#n2-ss-11 .n2-ss-slide{perspective:1500px;}div#n2-ss-11[data-ie] .n2-ss-slide{perspective:none;transform:perspective(1500px);}div#n2-ss-11 .n2-ss-slide-active{z-index:21;}div#n2-ss-11 .nextend-arrow{cursor:pointer;overflow:hidden;line-height:0 !important;z-index:20;}div#n2-ss-11 .nextend-arrow img{position:relative;min-height:0;min-width:0;vertical-align:top;width:auto;height:auto;max-width:100%;max-height:100%;display:inline;}div#n2-ss-11 .nextend-arrow img.n2-arrow-hover-img{display:none;}div#n2-ss-11 .nextend-arrow:HOVER img.n2-arrow-hover-img{display:inline;}div#n2-ss-11 .nextend-arrow:HOVER img.n2-arrow-normal-img{display:none;}div#n2-ss-11 .nextend-arrow-animated{overflow:hidden;}div#n2-ss-11 .nextend-arrow-animated > div{position:relative;}div#n2-ss-11 .nextend-arrow-animated .n2-active{position:absolute;}div#n2-ss-11 .nextend-arrow-animated-fade{transition:background 0.3s, opacity 0.4s;}div#n2-ss-11 .nextend-arrow-animated-horizontal > div{transition:all 0.4s;left:0;}div#n2-ss-11 .nextend-arrow-animated-horizontal .n2-active{top:0;}div#n2-ss-11 .nextend-arrow-previous.nextend-arrow-animated-horizontal:HOVER > div,div#n2-ss-11 .nextend-arrow-next.nextend-arrow-animated-horizontal .n2-active{left:-100%;}div#n2-ss-11 .nextend-arrow-previous.nextend-arrow-animated-horizontal .n2-active,div#n2-ss-11 .nextend-arrow-next.nextend-arrow-animated-horizontal:HOVER > div{left:100%;}div#n2-ss-11 .nextend-arrow.nextend-arrow-animated-horizontal:HOVER .n2-active{left:0;}div#n2-ss-11 .nextend-arrow-animated-vertical > div{transition:all 0.4s;top:0;}div#n2-ss-11 .nextend-arrow-animated-vertical .n2-active{left:0;}div#n2-ss-11 .nextend-arrow-animated-vertical .n2-active{top:-100%;}div#n2-ss-11 .nextend-arrow-animated-vertical:HOVER > div{top:100%;}div#n2-ss-11 .nextend-arrow-animated-vertical:HOVER .n2-active{top:0;}div#n2-ss-11 .nextend-thumbnail-default,div#n2-ss-11 .nextend-thumbnail-inner{overflow:hidden;}div#n2-ss-11 .n2-ss-thumb-image{display:flex;flex:0 0 auto;align-items:center;justify-content:center;background-position:center center;background-size:cover;}div#n2-ss-11 .nextend-thumbnail-inner{width:100%;height:100%;}div#n2-ss-11 .nextend-thumbnail-button{position:absolute;z-index:2;transition:all 0.4s;opacity:0;cursor:pointer;}div#n2-ss-11 .nextend-thumbnail-vertical .nextend-thumbnail-button{left:50%;margin-left:-13px !important;}div#n2-ss-11 .nextend-thumbnail-vertical .nextend-thumbnail-previous{top:-26px;}div#n2-ss-11 .nextend-thumbnail-vertical .nextend-thumbnail-previous.n2-active{top:10px;opacity:1;}div#n2-ss-11 .nextend-thumbnail-vertical .nextend-thumbnail-next{bottom:-26px;}div#n2-ss-11 .nextend-thumbnail-vertical .nextend-thumbnail-next.n2-active{bottom:10px;opacity:1;}div#n2-ss-11 .nextend-thumbnail-horizontal .nextend-thumbnail-button{top:50%;margin-top:-13px !important;transform:rotateZ(-90deg);}div#n2-ss-11 .nextend-thumbnail-horizontal .nextend-thumbnail-previous{left:-26px;}div#n2-ss-11 .nextend-thumbnail-horizontal .nextend-thumbnail-previous.n2-active{left:10px;opacity:1;}div#n2-ss-11 .nextend-thumbnail-horizontal .nextend-thumbnail-next{right:-26px;}div#n2-ss-11 .nextend-thumbnail-horizontal .nextend-thumbnail-next.n2-active{right:10px;opacity:1;}div#n2-ss-11 .nextend-thumbnail-default .nextend-thumbnail-scroller{position:relative;box-sizing:border-box !important;white-space:nowrap;display:flex;flex-direction:column;}div#n2-ss-11 .nextend-thumbnail-horizontal .nextend-thumbnail-scroller{flex-direction:column;}div#n2-ss-11 .nextend-thumbnail-vertical .nextend-thumbnail-scroller{flex-direction:row;}div#n2-ss-11 .nextend-thumbnail-scroller.n2-align-content-start .nextend-thumbnail-scroller-group{justify-content:flex-start;}div#n2-ss-11 .nextend-thumbnail-scroller.n2-align-content-center .nextend-thumbnail-scroller-group{justify-content:center;}div#n2-ss-11 .nextend-thumbnail-scroller.n2-align-content-end .nextend-thumbnail-scroller-group{justify-content:flex-end;}div#n2-ss-11 .nextend-thumbnail-scroller.n2-align-content-space-around .nextend-thumbnail-scroller-group{justify-content:space-around;}div#n2-ss-11 .nextend-thumbnail-scroller.n2-align-content-space-between .nextend-thumbnail-scroller-group{justify-content:space-between;}html[dir=\"rtl\"] div#n2-ss-11 .nextend-thumbnail-default .nextend-thumbnail-scroller{position:relative;float:right;}div#n2-ss-11 .nextend-thumbnail-scroller-group{display:flex;flex-flow:column;}div#n2-ss-11 .nextend-thumbnail-horizontal .nextend-thumbnail-scroller-group{display:flex;flex-flow:row;}div#n2-ss-11 .nextend-thumbnail-default .nextend-thumbnail-scroller .nextend-thumbnail-scroller-group > div{display:flex;position:relative;flex:0 0 auto;box-sizing:content-box !important;cursor:pointer;overflow:hidden;}div#n2-ss-11 .nextend-thumbnail-horizontal .nextend-thumbnail-scroller .nextend-thumbnail-scroller-group > div{flex-flow:column;}div#n2-ss-11 .nextend-thumbnail-default .nextend-thumbnail-scroller .nextend-thumbnail-scroller-group > div.n2-active{cursor:default;}div#n2-ss-11 .nextend-thumbnail-default .n2-ss-caption{display:inline-block;white-space:normal;box-sizing:border-box !important;overflow:hidden;}div#n2-ss-11 .nextend-thumbnail-default .n2-caption-overlay{position:absolute;}div#n2-ss-11 .nextend-thumbnail-default .n2-caption-overlay div{float:left;clear:left;}div#n2-ss-11 .nextend-thumbnail-horizontal .n2-ss-caption{display:block;}div#n2-ss-11 .nextend-thumbnail-vertical .n2-caption-after,div#n2-ss-11 .nextend-thumbnail-vertical .n2-caption-before{height:100%;}div#n2-ss-11 .n2-style-8c39bd1b5d1c821102353bb13550e669-simple{background: #242424;opacity:1;padding:3px 3px 3px 3px ;box-shadow: none;border-width: 0px;border-style: solid;border-color: #000000; border-color: RGBA(0,0,0,1);border-radius:0px;}div#n2-ss-11 .n2-style-0d7e6147d938756e488febb9fea88b5d-dot{background: #000000;background: RGBA(0,0,0,0);opacity:1;padding:0px 0px 0px 0px ;box-shadow: none;border-width: 0px;border-style: solid;border-color: #ffffff; border-color: RGBA(255,255,255,0);border-radius:0px;opacity: 0.4;\nmargin: 3px;\ntransition: all 0.4s;\nbackground-size: cover;}div#n2-ss-11 .n2-style-0d7e6147d938756e488febb9fea88b5d-dot.n2-active, div#n2-ss-11 .n2-style-0d7e6147d938756e488febb9fea88b5d-dot:HOVER{border-width: 0px;border-style: solid;border-color: #ffffff; border-color: RGBA(255,255,255,0.8);opacity: 1;}<\/style><div id=\"n2-ss-11-align\" class=\"n2-ss-align\"><div class=\"n2-padding\"><div id=\"n2-ss-11\" data-creator=\"Smart Slider 3\" class=\"n2-ss-slider n2-ow n2-has-hover n2notransition  n2-ss-load-fade \" data-minFontSizedesktopPortrait=\"4\" data-minFontSizedesktopLandscape=\"4\" data-minFontSizetabletPortrait=\"4\" data-minFontSizetabletLandscape=\"4\" data-minFontSizemobilePortrait=\"4\" data-minFontSizemobileLandscape=\"4\" style=\"font-size: 16px;\" data-fontsize=\"16\">\r\n        <div class=\"n2-ss-slider-1 n2-ss-swipe-element n2-ow\" style=\"\">\r\n                        <div class=\"n2-ss-slider-2 n2-ow\">\r\n                                <div class=\"n2-ss-slider-3 n2-ow\" style=\"\">\r\n\r\n                    <div class=\"n2-ss-slide-backgrounds\"><\/div><div data-first=\"1\" data-slide-duration=\"0\" data-id=\"171\" data-thumbnail=\"\/\/montenegromedin.com\/wp-content\/uploads\/2019\/05\/98363387.jpg\" style=\"\" class=\" n2-ss-slide n2-ss-canvas n2-ow  n2-ss-slide-171\"><div class=\"n2-ss-slide-background n2-ow\" data-mode=\"fill\"><div data-hash=\"626ab5c1c3aaca75985302928002d586\" data-desktop=\"\/\/montenegromedin.com\/wp-content\/uploads\/2019\/05\/98363387.jpg\" class=\"n2-ss-slide-background-image\" data-blur=\"0\"><img src=\"\/\/montenegromedin.com\/wp-content\/uploads\/2019\/05\/98363387.jpg\" alt=\"\" \/><\/div><\/div><div class=\"n2-ss-layers-container n2-ow\" data-csstextalign=\"center\" style=\"\"><\/div><\/div><div data-slide-duration=\"0\" data-id=\"172\" data-thumbnail=\"\/\/montenegromedin.com\/wp-content\/uploads\/2019\/05\/111.jpg\" style=\"\" class=\" n2-ss-slide n2-ss-canvas n2-ow  n2-ss-slide-172\"><div class=\"n2-ss-slide-background n2-ow\" data-mode=\"fill\"><div data-hash=\"9f39ab4cf1676f2c9acf061e83d96ff8\" data-desktop=\"\/\/montenegromedin.com\/wp-content\/uploads\/2019\/05\/111.jpg\" class=\"n2-ss-slide-background-image\" data-blur=\"0\"><img src=\"\/\/montenegromedin.com\/wp-content\/uploads\/2019\/05\/111.jpg\" alt=\"\" \/><\/div><\/div><div class=\"n2-ss-layers-container n2-ow\" data-csstextalign=\"center\" style=\"\"><\/div><\/div><div data-slide-duration=\"0\" data-id=\"179\" data-thumbnail=\"\/\/montenegromedin.com\/wp-content\/uploads\/2019\/04\/11-1.jpg\" style=\"\" class=\" n2-ss-slide n2-ss-canvas n2-ow  n2-ss-slide-179\"><div class=\"n2-ss-slide-background n2-ow\" data-mode=\"fill\"><div data-hash=\"fec3f4ad538f6cc6c2537072b5e263f4\" data-desktop=\"\/\/montenegromedin.com\/wp-content\/uploads\/2019\/04\/11-1.jpg\" class=\"n2-ss-slide-background-image\" data-blur=\"0\"><img src=\"\/\/montenegromedin.com\/wp-content\/uploads\/2019\/04\/11-1.jpg\" alt=\"\" \/><\/div><\/div><div class=\"n2-ss-layers-container n2-ow\" data-csstextalign=\"center\" style=\"\"><\/div><\/div><div data-slide-duration=\"0\" data-id=\"194\" data-thumbnail=\"\/\/montenegromedin.com\/wp-content\/uploads\/2022\/04\/1-1.jpeg\" style=\"\" class=\" n2-ss-slide n2-ss-canvas n2-ow  n2-ss-slide-194\"><div class=\"n2-ss-slide-background n2-ow\" data-mode=\"fill\"><div data-hash=\"16240b731dcc6e4a7e53f52640350935\" data-desktop=\"\/\/montenegromedin.com\/wp-content\/uploads\/2022\/04\/1-1.jpeg\" class=\"n2-ss-slide-background-image\" data-blur=\"0\"><img src=\"\/\/montenegromedin.com\/wp-content\/uploads\/2022\/04\/1-1.jpeg\" alt=\"\" \/><\/div><\/div><div class=\"n2-ss-layers-container n2-ow\" data-csstextalign=\"center\" style=\"\"><\/div><\/div><div data-slide-duration=\"0\" data-id=\"195\" data-thumbnail=\"\/\/montenegromedin.com\/wp-content\/uploads\/2022\/04\/2-1.jpeg\" style=\"\" class=\" n2-ss-slide n2-ss-canvas n2-ow  n2-ss-slide-195\"><div class=\"n2-ss-slide-background n2-ow\" data-mode=\"fill\"><div data-hash=\"e809e93a5b5e42f11c541f8ad4afb73f\" data-desktop=\"\/\/montenegromedin.com\/wp-content\/uploads\/2022\/04\/2-1.jpeg\" class=\"n2-ss-slide-background-image\" data-blur=\"0\"><img src=\"\/\/montenegromedin.com\/wp-content\/uploads\/2022\/04\/2-1.jpeg\" alt=\"\" \/><\/div><\/div><div class=\"n2-ss-layers-container n2-ow\" data-csstextalign=\"center\" style=\"\"><\/div><\/div><div data-slide-duration=\"0\" data-id=\"196\" data-thumbnail=\"\/\/montenegromedin.com\/wp-content\/uploads\/2022\/04\/3-1.jpeg\" style=\"\" class=\" n2-ss-slide n2-ss-canvas n2-ow  n2-ss-slide-196\"><div class=\"n2-ss-slide-background n2-ow\" data-mode=\"fill\"><div data-hash=\"39d387a75f318e6f5392152dba0e1da3\" data-desktop=\"\/\/montenegromedin.com\/wp-content\/uploads\/2022\/04\/3-1.jpeg\" class=\"n2-ss-slide-background-image\" data-blur=\"0\"><img src=\"\/\/montenegromedin.com\/wp-content\/uploads\/2022\/04\/3-1.jpeg\" alt=\"\" \/><\/div><\/div><div class=\"n2-ss-layers-container n2-ow\" data-csstextalign=\"center\" style=\"\"><\/div><\/div><div data-slide-duration=\"0\" data-id=\"197\" data-thumbnail=\"\/\/montenegromedin.com\/wp-content\/uploads\/2022\/04\/4-1.jpeg\" style=\"\" class=\" n2-ss-slide n2-ss-canvas n2-ow  n2-ss-slide-197\"><div class=\"n2-ss-slide-background n2-ow\" data-mode=\"fill\"><div data-hash=\"97bcea0e00308535a7de1ac74c84f01e\" data-desktop=\"\/\/montenegromedin.com\/wp-content\/uploads\/2022\/04\/4-1.jpeg\" class=\"n2-ss-slide-background-image\" data-blur=\"0\"><img src=\"\/\/montenegromedin.com\/wp-content\/uploads\/2022\/04\/4-1.jpeg\" alt=\"\" \/><\/div><\/div><div class=\"n2-ss-layers-container n2-ow\" data-csstextalign=\"center\" style=\"\"><\/div><\/div><div data-slide-duration=\"0\" data-id=\"198\" data-thumbnail=\"\/\/montenegromedin.com\/wp-content\/uploads\/2022\/04\/5-1.jpeg\" style=\"\" class=\" n2-ss-slide n2-ss-canvas n2-ow  n2-ss-slide-198\"><div class=\"n2-ss-slide-background n2-ow\" data-mode=\"fill\"><div data-hash=\"b152a6e878b45d5013be4d1fc818d129\" data-desktop=\"\/\/montenegromedin.com\/wp-content\/uploads\/2022\/04\/5-1.jpeg\" class=\"n2-ss-slide-background-image\" data-blur=\"0\"><img src=\"\/\/montenegromedin.com\/wp-content\/uploads\/2022\/04\/5-1.jpeg\" alt=\"\" \/><\/div><\/div><div class=\"n2-ss-layers-container n2-ow\" data-csstextalign=\"center\" style=\"\"><\/div><\/div><div data-slide-duration=\"0\" data-id=\"199\" data-thumbnail=\"\/\/montenegromedin.com\/wp-content\/uploads\/2022\/04\/6.jpeg\" style=\"\" class=\" n2-ss-slide n2-ss-canvas n2-ow  n2-ss-slide-199\"><div class=\"n2-ss-slide-background n2-ow\" data-mode=\"fill\"><div data-hash=\"a380e954aa3509138de0cbb22a0f557e\" data-desktop=\"\/\/montenegromedin.com\/wp-content\/uploads\/2022\/04\/6.jpeg\" class=\"n2-ss-slide-background-image\" data-blur=\"0\"><img src=\"\/\/montenegromedin.com\/wp-content\/uploads\/2022\/04\/6.jpeg\" alt=\"\" \/><\/div><\/div><div class=\"n2-ss-layers-container n2-ow\" data-csstextalign=\"center\" style=\"\"><\/div><\/div><div data-slide-duration=\"0\" data-id=\"175\" data-thumbnail=\"\/\/montenegromedin.com\/wp-content\/uploads\/2019\/04\/5-1.jpg\" style=\"\" class=\" n2-ss-slide n2-ss-canvas n2-ow  n2-ss-slide-175\"><div class=\"n2-ss-slide-background n2-ow\" data-mode=\"fill\"><div data-hash=\"15a8fdb0c513ac7dc78f3d519ffc7968\" data-desktop=\"\/\/montenegromedin.com\/wp-content\/uploads\/2019\/04\/5-1.jpg\" class=\"n2-ss-slide-background-image\" data-blur=\"0\"><img src=\"\/\/montenegromedin.com\/wp-content\/uploads\/2019\/04\/5-1.jpg\" alt=\"\" \/><\/div><\/div><div class=\"n2-ss-layers-container n2-ow\" data-csstextalign=\"center\" style=\"\"><\/div><\/div><div data-slide-duration=\"0\" data-id=\"177\" data-thumbnail=\"\/\/montenegromedin.com\/wp-content\/uploads\/2019\/04\/7.jpg\" style=\"\" class=\" n2-ss-slide n2-ss-canvas n2-ow  n2-ss-slide-177\"><div class=\"n2-ss-slide-background n2-ow\" data-mode=\"fill\"><div data-hash=\"c72d90427514d6f6f1190a22c3190897\" data-desktop=\"\/\/montenegromedin.com\/wp-content\/uploads\/2019\/04\/7.jpg\" class=\"n2-ss-slide-background-image\" data-blur=\"0\"><img src=\"\/\/montenegromedin.com\/wp-content\/uploads\/2019\/04\/7.jpg\" alt=\"\" \/><\/div><\/div><div class=\"n2-ss-layers-container n2-ow\" data-csstextalign=\"center\" style=\"\"><\/div><\/div><div data-slide-duration=\"0\" data-id=\"176\" data-thumbnail=\"\/\/montenegromedin.com\/wp-content\/uploads\/2019\/04\/6-1.jpg\" style=\"\" class=\" n2-ss-slide n2-ss-canvas n2-ow  n2-ss-slide-176\"><div class=\"n2-ss-slide-background n2-ow\" data-mode=\"fill\"><div data-hash=\"26e62f65e3124252ec0fc67947281e97\" data-desktop=\"\/\/montenegromedin.com\/wp-content\/uploads\/2019\/04\/6-1.jpg\" class=\"n2-ss-slide-background-image\" data-blur=\"0\"><img src=\"\/\/montenegromedin.com\/wp-content\/uploads\/2019\/04\/6-1.jpg\" alt=\"\" \/><\/div><\/div><div class=\"n2-ss-layers-container n2-ow\" data-csstextalign=\"center\" style=\"\"><\/div><\/div>                <\/div>\r\n            <\/div>\r\n            <div data-ssleft=\"0+15\" data-sstop=\"height\/2-previousheight\/2\" id=\"n2-ss-11-arrow-previous\" class=\"n2-ss-widget n2-ss-widget-display-desktop n2-ss-widget-display-tablet n2-ss-widget-display-mobile nextend-arrow n2-ow nextend-arrow-previous  nextend-arrow-animated-fade n2-ib\" style=\"position: absolute;\" role=\"button\" aria-label=\"Previous slide\" tabindex=\"0\"><img class=\"n2-ow\" data-no-lazy=\"1\" data-hack=\"data-lazy-src\" src=\"data:image\/svg+xml;base64,PHN2ZyB3aWR0aD0iMzIiIGhlaWdodD0iMzIiIHZpZXdCb3g9IjAgMCAzMiAzMiIgeG1sbnM9Imh0dHA6Ly93d3cudzMub3JnLzIwMDAvc3ZnIj48cGF0aCBkPSJNMTEuNDMzIDE1Ljk5MkwyMi42OSA1LjcxMmMuMzkzLS4zOS4zOTMtMS4wMyAwLTEuNDItLjM5My0uMzktMS4wMy0uMzktMS40MjMgMGwtMTEuOTggMTAuOTRjLS4yMS4yMS0uMy40OS0uMjg1Ljc2LS4wMTUuMjguMDc1LjU2LjI4NC43N2wxMS45OCAxMC45NGMuMzkzLjM5IDEuMDMuMzkgMS40MjQgMCAuMzkzLS40LjM5My0xLjAzIDAtMS40MmwtMTEuMjU3LTEwLjI5IiBmaWxsPSIjZmZmZmZmIiBvcGFjaXR5PSIwLjgiIGZpbGwtcnVsZT0iZXZlbm9kZCIvPjwvc3ZnPg==\" alt=\"previous arrow\" \/><\/div>\n<div data-ssright=\"0+15\" data-sstop=\"height\/2-nextheight\/2\" id=\"n2-ss-11-arrow-next\" class=\"n2-ss-widget n2-ss-widget-display-desktop n2-ss-widget-display-tablet n2-ss-widget-display-mobile nextend-arrow n2-ow nextend-arrow-next  nextend-arrow-animated-fade n2-ib\" style=\"position: absolute;\" role=\"button\" aria-label=\"Next slide\" tabindex=\"0\"><img class=\"n2-ow\" data-no-lazy=\"1\" data-hack=\"data-lazy-src\" src=\"data:image\/svg+xml;base64,PHN2ZyB3aWR0aD0iMzIiIGhlaWdodD0iMzIiIHZpZXdCb3g9IjAgMCAzMiAzMiIgeG1sbnM9Imh0dHA6Ly93d3cudzMub3JnLzIwMDAvc3ZnIj48cGF0aCBkPSJNMTAuNzIyIDQuMjkzYy0uMzk0LS4zOS0xLjAzMi0uMzktMS40MjcgMC0uMzkzLjM5LS4zOTMgMS4wMyAwIDEuNDJsMTEuMjgzIDEwLjI4LTExLjI4MyAxMC4yOWMtLjM5My4zOS0uMzkzIDEuMDIgMCAxLjQyLjM5NS4zOSAxLjAzMy4zOSAxLjQyNyAwbDEyLjAwNy0xMC45NGMuMjEtLjIxLjMtLjQ5LjI4NC0uNzcuMDE0LS4yNy0uMDc2LS41NS0uMjg2LS43NkwxMC43MiA0LjI5M3oiIGZpbGw9IiNmZmZmZmYiIG9wYWNpdHk9IjAuOCIgZmlsbC1ydWxlPSJldmVub2RkIi8+PC9zdmc+\" alt=\"next arrow\" \/><\/div>\n        <\/div>\r\n        <div data-position=\"below\" data-offset=\"0\" class=\"n2-ss-widget n2-ss-widget-display-desktop n2-ss-widget-display-tablet n2-ss-widget-display-mobile nextend-thumbnail nextend-thumbnail-default n2-ow nextend-thumbnail-horizontal\" style=\"margin-top:0px;width:100%;\"><img class=\"nextend-thumbnail-button nextend-thumbnail-previous n2-ow\" style=\"width:26px;margin-top:-13px!important;\" src=\"data:image\/svg+xml;base64,PHN2ZyB3aWR0aD0iMjYiIGhlaWdodD0iMjYiIHhtbG5zPSJodHRwOi8vd3d3LnczLm9yZy8yMDAwL3N2ZyI+CiAgICA8ZyBmaWxsPSJub25lIiBmaWxsLXJ1bGU9ImV2ZW5vZGQiPgogICAgICAgIDxjaXJjbGUgc3Ryb2tlPSIjZmZmIiBzdHJva2Utd2lkdGg9IjIiIG9wYWNpdHk9Ii41IiBmaWxsPSIjMDAwIiBjeD0iMTMiIGN5PSIxMyIgcj0iMTIiLz4KICAgICAgICA8cGF0aCBkPSJNMTMuNDM1IDkuMTc4Yy0uMTI2LS4xMjEtLjI3LS4xODItLjQzNi0uMTgyLS4xNjQgMC0uMzA2LjA2MS0uNDI4LjE4MmwtNC4zOCA0LjE3NWMtLjEyNi4xMjEtLjE4OC4yNjItLjE4OC40MjQgMCAuMTYxLjA2Mi4zMDIuMTg4LjQyM2wuNjUuNjIyYy4xMjYuMTIxLjI3My4xODIuNDQxLjE4Mi4xNyAwIC4zMTQtLjA2MS40MzYtLjE4MmwzLjMxNC0zLjE2MSAzLjI0OSAzLjE2MWMuMTI2LjEyMS4yNjkuMTgyLjQzMi4xODIuMTY0IDAgLjMwNy0uMDYxLjQzMy0uMTgybC42NjItLjYyMmMuMTI2LS4xMjEuMTg5LS4yNjIuMTg5LS40MjMgMC0uMTYyLS4wNjMtLjMwMy0uMTg5LS40MjRsLTQuMzczLTQuMTc1eiIgZmlsbD0iI2ZmZiIvPgogICAgPC9nPgo8L3N2Zz4=\" alt=\"previous arrow\" \/><img class=\"nextend-thumbnail-button nextend-thumbnail-next n2-ow n2-active\" style=\"width:26px;margin-top:-13px!important;\" src=\"data:image\/svg+xml;base64,PHN2ZyB4bWxucz0iaHR0cDovL3d3dy53My5vcmcvMjAwMC9zdmciIHdpZHRoPSIyNiIgaGVpZ2h0PSIyNiI+CiAgICA8ZyBmaWxsPSJub25lIj4KICAgICAgICA8Y2lyY2xlIGN4PSIxMyIgY3k9IjEzIiByPSIxMiIgZmlsbD0iIzAwMCIgc3Ryb2tlPSIjZmZmIiBzdHJva2Utd2lkdGg9IjIiIG9wYWNpdHk9Ii41Ii8+CiAgICAgICAgPHBhdGggZmlsbD0iI2ZmZiIgZD0iTTEyLjU2NSAxNi44MjJjLjEyNi4xMi4yNy4xODIuNDM2LjE4Mi4xNjggMCAuMzEtLjA2LjQzLS4xODJsNC4zOC00LjE3NWMuMTI4LS4xMi4xOS0uMjYyLjE5LS40MjQgMC0uMTYtLjA2Mi0uMzAyLS4xOS0uNDIzbC0uNjUtLjYyMmMtLjEyNS0uMTItLjI3Mi0uMTgyLS40NC0uMTgyLS4xNyAwLS4zMTQuMDYtLjQzNi4xODJsLTMuMzE0IDMuMTYtMy4yNS0zLjE2Yy0uMTI2LS4xMi0uMjctLjE4Mi0uNDMtLjE4Mi0uMTY2IDAtLjMxLjA2LS40MzUuMTgybC0uNjYyLjYyMmMtLjEyNi4xMi0uMTkuMjYyLS4xOS40MjMgMCAuMTYyLjA2NC4zMDMuMTkuNDI0bDQuMzczIDQuMTc1eiIvPgogICAgPC9nPgo8L3N2Zz4=\" alt=\"next arrow\" \/><div class=\"nextend-thumbnail-inner n2-ow\"><div class=\"n2-style-8c39bd1b5d1c821102353bb13550e669-simple nextend-thumbnail-scroller n2-ow n2-align-content-start\"><\/div><\/div><\/div>\n<\/div><div class=\"n2-clear\"><\/div><div id=\"n2-ss-11-spinner\" style=\"display: none;\"><div><div class=\"n2-ss-spinner-simple-white-container\"><div class=\"n2-ss-spinner-simple-white\"><\/div><\/div><\/div><\/div><\/div><\/div><div id=\"n2-ss-11-placeholder\" style=\"position: relative;z-index:2;background-color:RGBA(0,0,0,0);max-height:3000px; background-color:RGBA(255,255,255,0);\"><img style=\"width: 100%; max-width:3000px; display: block;opacity:0;margin:0px;\" class=\"n2-ow\" src=\"data:image\/svg+xml;base64,PHN2ZyB4bWxucz0iaHR0cDovL3d3dy53My5vcmcvMjAwMC9zdmciIHZlcnNpb249IjEuMCIgd2lkdGg9IjEwMjQiIGhlaWdodD0iNjgxIiA+PC9zdmc+\" alt=\"Slider\" \/><\/div><\/div>[\/vc_column_text][\/vc_column][\/vc_row]<\/p>\n","protected":false},"excerpt":{"rendered":"<p>[vc_row][vc_column width=&#8221;1\/4&#8243;][vc_column_text css=&#8221;.vc_custom_1558290385260{margin-bottom: 0px !important;border-bottom-width: 0px !important;padding-bottom: 10px !important;}&#8221;] Apartman sa jednom Spava\u0107om Sobom i Balkonom Ovaj klimatizovani apartman nudi TV sa kablovskim kanalima i balkon sa pogledom na vrt. Sadr\u017ei opremljenu \u010dajnu kuhinju sa plo\u010dom za kuvanje, fri\u017eiderom i trpezarijom. Apartman ima sopstveno kupatilo sa tu\u0161 kabinom i besplatnim toaletnim priborom. Parking:\u00a0Javni parking je [&hellip;]<\/p>\n","protected":false},"author":1,"featured_media":0,"parent":0,"menu_order":0,"comment_status":"closed","ping_status":"closed","template":"","meta":[],"_links":{"self":[{"href":"https:\/\/montenegromedin.com\/me\/wp-json\/wp\/v2\/pages\/1219"}],"collection":[{"href":"https:\/\/montenegromedin.com\/me\/wp-json\/wp\/v2\/pages"}],"about":[{"href":"https:\/\/montenegromedin.com\/me\/wp-json\/wp\/v2\/types\/page"}],"author":[{"embeddable":true,"href":"https:\/\/montenegromedin.com\/me\/wp-json\/wp\/v2\/users\/1"}],"replies":[{"embeddable":true,"href":"https:\/\/montenegromedin.com\/me\/wp-json\/wp\/v2\/comments?post=1219"}],"version-history":[{"count":5,"href":"https:\/\/montenegromedin.com\/me\/wp-json\/wp\/v2\/pages\/1219\/revisions"}],"predecessor-version":[{"id":1359,"href":"https:\/\/montenegromedin.com\/me\/wp-json\/wp\/v2\/pages\/1219\/revisions\/1359"}],"wp:attachment":[{"href":"https:\/\/montenegromedin.com\/me\/wp-json\/wp\/v2\/media?parent=1219"}],"curies":[{"name":"wp","href":"https:\/\/api.w.org\/{rel}","templated":true}]}}