{"id":999,"date":"2019-05-07T20:31:56","date_gmt":"2019-05-07T20:31:56","guid":{"rendered":"http:\/\/montenegromedin.com\/me\/?page_id=999"},"modified":"2022-05-06T21:35:15","modified_gmt":"2022-05-06T21:35:15","slug":"naslovna","status":"publish","type":"page","link":"https:\/\/montenegromedin.com\/me\/","title":{"rendered":"Naslovna"},"content":{"rendered":"<p>[vc_row][vc_column][rev_slider_vc alias=&#8221;new-slider-me&#8221;][\/vc_column][\/vc_row][vc_row][vc_column][vc_column_text]<\/p>\n<h1 style=\"text-align: center;\"><em>Guest House Medin Petrovac<\/em><\/h1>\n<h4 style=\"text-align: center;\">Kvalitetan smje\u0161taj na najljep\u0161em dijelu crnogorskog primorja<\/h4>\n<p>[\/vc_column_text][\/vc_column][\/vc_row][vc_row][vc_column width=&#8221;1\/3&#8243;][vc_single_image image=&#8221;1425&#8243; img_size=&#8221;medium&#8221; alignment=&#8221;center&#8221; onclick=&#8221;custom_link&#8221; link=&#8221;https:\/\/montenegromedin.com\/me\/smjestaj\/&#8221;][vc_column_text]<\/p>\n<h3 style=\"text-align: center;\"><a href=\"https:\/\/montenegromedin.com\/me\/smjestaj\/\"><span style=\"color: #508eed;\"><i>Smje\u0161taj<\/i><\/span><\/a><\/h3>\n<p>[\/vc_column_text][vc_separator color=&#8221;custom&#8221; el_width=&#8221;30&#8243; accent_color=&#8221;#ab9353&#8243; css=&#8221;.vc_custom_1651092935722{margin-top: 0px !important;border-top-width: 0px !important;padding-top: 0px !important;}&#8221;][vc_column_text]<\/p>\n<p style=\"text-align: center;\">Sve na\u0161e sobe imaju kablovsku TV i balkon sa prekrasnim pogledom na ba\u0161tu<\/p>\n<p>[\/vc_column_text][\/vc_column][vc_column width=&#8221;1\/3&#8243;][vc_single_image image=&#8221;1430&#8243; img_size=&#8221;medium&#8221; alignment=&#8221;center&#8221; onclick=&#8221;custom_link&#8221; link=&#8221;https:\/\/montenegromedin.com\/me\/rezervacije\/&#8221;][vc_column_text]<\/p>\n<h3 style=\"text-align: center;\"><a href=\"https:\/\/montenegromedin.com\/me\/rezervacije\/\"><span style=\"color: #508eed;\"><em>Rezervacije<\/em><\/span><\/a><\/h3>\n<p>[\/vc_column_text][vc_separator color=&#8221;custom&#8221; el_width=&#8221;30&#8243; accent_color=&#8221;#ab9353&#8243;][vc_column_text]<\/p>\n<p style=\"text-align: center;\">Rezervi\u0161ite svoj savr\u0161eni ljetnji odmor u Guest House Medin<\/p>\n<p>[\/vc_column_text][\/vc_column][vc_column width=&#8221;1\/3&#8243;][vc_single_image image=&#8221;1443&#8243; img_size=&#8221;medium&#8221; alignment=&#8221;center&#8221; onclick=&#8221;custom_link&#8221; link=&#8221;https:\/\/montenegromedin.com\/me\/o-nama\/&#8221;][vc_column_text]<\/p>\n<h3 style=\"text-align: center;\"><a href=\"https:\/\/montenegromedin.com\/me\/o-nama\/\"><span style=\"color: #508eed;\"><i>O nama<\/i><\/span><\/a><\/h3>\n<p>[\/vc_column_text][vc_separator color=&#8221;custom&#8221; el_width=&#8221;30&#8243; accent_color=&#8221;#ab9353&#8243;][vc_column_text]<\/p>\n<p style=\"text-align: center;\">Guest House Medin nudi najbolji smje\u0161taj u Petrovcu na Moru &#8211; Objekat je udaljen samo 200 m od najbli\u017ee pla\u017ee i ima besplatan WiFi<\/p>\n<p>[\/vc_column_text][\/vc_column][\/vc_row][vc_row][vc_column][vc_single_image image=&#8221;1229&#8243; img_size=&#8221;large&#8221; alignment=&#8221;center&#8221;][\/vc_column][\/vc_row][vc_row][vc_column][vc_column_text]<div role=\"form\" class=\"wpcf7\" id=\"wpcf7-f989-o1\" lang=\"en-US\" dir=\"ltr\">\n<div class=\"screen-reader-response\"><\/div>\n<form action=\"\/me\/wp-json\/wp\/v2\/pages\/999#wpcf7-f989-o1\" method=\"post\" class=\"wpcf7-form\" novalidate=\"novalidate\">\n<div style=\"display: none;\">\n<input type=\"hidden\" name=\"_wpcf7\" value=\"989\" \/>\n<input type=\"hidden\" name=\"_wpcf7_version\" value=\"5.1.1\" \/>\n<input type=\"hidden\" name=\"_wpcf7_locale\" value=\"en_US\" \/>\n<input type=\"hidden\" name=\"_wpcf7_unit_tag\" value=\"wpcf7-f989-o1\" \/>\n<input type=\"hidden\" name=\"_wpcf7_container_post\" value=\"0\" \/>\n<input type=\"hidden\" name=\"g-recaptcha-response\" value=\"\" \/>\n<\/div>\n<div class=\"reservation-form\">\n<h1>Rezervaciona forma<\/h1>\n<div class=\"row form-group\">\n<div class=\"col-xs-12 col-md-4 text-right\"><label>Datum dolaska<\/label><\/div>\n<div class=\"col-xs-12 col-md-8 text-left\"><span class=\"input-wrapper\"><span class=\"wpcf7-form-control-wrap easy-form-from\"><input type=\"date\" name=\"easy-form-from\" value=\"\" class=\"wpcf7-form-control wpcf7-date wpcf7-validates-as-required wpcf7-validates-as-date\" min=\"2026-04-22\" aria-required=\"true\" aria-invalid=\"false\" \/><\/span><\/span> <\/div>\n<\/div>\n<div class=\"row form-group\">\n<div class=\"col-xs-12 col-md-4 text-right\"><label>Datum odlaska<\/label><\/div>\n<div class=\"col-xs-12 col-md-8 text-left\"><span class=\"input-wrapper\"><span class=\"wpcf7-form-control-wrap easy-form-to\"><input type=\"date\" name=\"easy-form-to\" value=\"\" class=\"wpcf7-form-control wpcf7-date wpcf7-validates-as-required wpcf7-validates-as-date\" min=\"2026-04-22\" aria-required=\"true\" aria-invalid=\"false\" \/><\/span><\/span><\/div>\n<\/div>\n<div class=\"row form-group\">\n<div class=\"col-xs-12 col-md-4 text-right\"><label>Odrasli<\/label><\/div>\n<div class=\"col-xs-12 col-md-8 text-left\"><span class=\"input-wrapper\"><span class=\"wpcf7-form-control-wrap easy-form-persons\"><select name=\"easy-form-persons\" class=\"wpcf7-form-control wpcf7-select wpcf7-validates-as-required\" aria-required=\"true\" aria-invalid=\"false\"><option value=\"1\">1<\/option><option value=\"2\">2<\/option><option value=\"3\">3<\/option><option value=\"4\">4<\/option><\/select><\/span><\/span><\/div>\n<\/div>\n<div class=\"row form-group\">\n<div class=\"col-xs-12 col-md-4 text-right\"><label>Djeca<\/label><\/div>\n<div class=\"col-xs-12 col-md-8 text-left\"><span class=\"input-wrapper\"><span class=\"wpcf7-form-control-wrap childs\"><select name=\"childs\" class=\"wpcf7-form-control wpcf7-select wpcf7-validates-as-required\" aria-required=\"true\" aria-invalid=\"false\"><option value=\"0\">0<\/option><option value=\"1\">1<\/option><option value=\"2\">2<\/option><option value=\"3\">3<\/option><option value=\"4\">4<\/option><\/select><\/span><\/span><\/div>\n<\/div>\n<div class=\"row form-group\">\n<div class=\"col-xs-12 col-md-4 text-right\"><label>Odaberite Smje\u0161taj<\/label><\/div>\n<div class=\"col-xs-12 col-md-8 text-left\"><span class=\"input-wrapper\"><span class=\"wpcf7-form-control-wrap accomodation\"><select name=\"accomodation\" class=\"wpcf7-form-control wpcf7-select wpcf7-validates-as-required\" aria-required=\"true\" aria-invalid=\"false\"><option value=\"Odaberite\">Odaberite<\/option><option value=\"Trokrevetni studio apartman\">Trokrevetni studio apartman<\/option><option value=\"Apartman sa jednom spava\u0107om sobom i balkonom\">Apartman sa jednom spava\u0107om sobom i balkonom<\/option><option value=\"Dvokrevetna soba sa bra\u010dnim krevetom, balkonom i pogledom na vrt\">Dvokrevetna soba sa bra\u010dnim krevetom, balkonom i pogledom na vrt<\/option><option value=\"Trokrevetna soba sa balkonom\">Trokrevetna soba sa balkonom<\/option><option value=\"Apartman sa jednom Spava\u0107om Sobom i Pogledom na Vrt\">Apartman sa jednom Spava\u0107om Sobom i Pogledom na Vrt<\/option><option value=\"Studio sa Pogledom na More\">Studio sa Pogledom na More<\/option><option value=\"Lux Trokrevetni Studio\">Lux Trokrevetni Studio<\/option><option value=\"Porodi\u010dni Apartman tipa &#039;Suite&#039; sa Balkonom\">Porodi\u010dni Apartman tipa &#039;Suite&#039; sa Balkonom<\/option><option value=\"Deluks Suite sa Pogledom na More\">Deluks Suite sa Pogledom na More<\/option><option value=\"Predsjedni\u010dki Suite\">Predsjedni\u010dki Suite<\/option><\/select><\/span><\/span><\/div>\n<\/div>\n<h2>Li\u010dne informacije<\/h2>\n<div class=\"row form-group\">\n<div class=\"col-xs-12 col-md-4 text-right\"><label>Va\u0161e ime<\/label><\/div>\n<div class=\"col-xs-12 col-md-8 text-left\"><span class=\"input-wrapper\"><span class=\"wpcf7-form-control-wrap uname\"><input type=\"text\" name=\"uname\" value=\"\" size=\"25\" class=\"wpcf7-form-control wpcf7-text wpcf7-validates-as-required\" aria-required=\"true\" aria-invalid=\"false\" \/><\/span><\/span><\/div>\n<\/div>\n<div class=\"row form-group\">\n<div class=\"col-xs-12 col-md-4 text-right\"><label>Email<\/label><\/div>\n<div class=\"col-xs-12 col-md-8 text-left\"><span class=\"input-wrapper\"><span class=\"wpcf7-form-control-wrap uemail\"><input type=\"email\" name=\"uemail\" value=\"\" size=\"25\" class=\"wpcf7-form-control wpcf7-text wpcf7-email wpcf7-validates-as-required wpcf7-validates-as-email\" aria-required=\"true\" aria-invalid=\"false\" \/><\/span><\/span><\/div>\n<\/div>\n<div class=\"row form-group\">\n<div class=\"col-xs-12 col-md-4 text-right\"><label>Telefon<\/label><\/div>\n<div class=\"col-xs-12 col-md-8 text-left\"><span class=\"input-wrapper\"><span class=\"wpcf7-form-control-wrap uphone\"><input type=\"text\" name=\"uphone\" value=\"\" size=\"25\" class=\"wpcf7-form-control wpcf7-text\" aria-invalid=\"false\" \/><\/span><\/span><\/div>\n<\/div>\n<div class=\"row form-group\">\n<div class=\"col-xs-12 col-md-4 text-right\"><label>Dodatni zahtjevi<\/label><\/div>\n<div class=\"col-xs-12 col-md-8 text-left\"><span class=\"input-wrapper\"><span class=\"wpcf7-form-control-wrap additional\"><textarea name=\"additional\" cols=\"30\" rows=\"3\" class=\"wpcf7-form-control wpcf7-textarea\" aria-invalid=\"false\"><\/textarea><\/span><\/span><\/div>\n<\/div>\n<footer><input type=\"submit\" value=\"Po\u0161alji\" class=\"wpcf7-form-control wpcf7-submit\" \/><\/footer>\n<\/div>\n<div class=\"wpcf7-response-output wpcf7-display-none\"><\/div><\/form><\/div>[\/vc_column_text][\/vc_column][\/vc_row][vc_row][vc_column][vc_gmaps link=&#8221;#E-8_JTNDaWZyYW1lJTIwc3JjJTNEJTIyaHR0cHMlM0ElMkYlMkZ3d3cuZ29vZ2xlLmNvbSUyRm1hcHMlMkZlbWJlZCUzRnBiJTNEJTIxMW0xOCUyMTFtMTIlMjExbTMlMjExZDM1MTQuNDg0Njg5OTYzMDA4JTIxMmQxOC45Mzc2MjM1MTg0MjE5MTIlMjEzZDQyLjIwNzY1NjY5Njk4MjQ5JTIxMm0zJTIxMWYwJTIxMmYwJTIxM2YwJTIxM20yJTIxMWkxMDI0JTIxMmk3NjglMjE0ZjEzLjElMjEzbTMlMjExbTIlMjExczB4MCUyNTNBMHgwJTIxMnpORExDc0RFeUp6STNMalVpVGlBeE9NS3dOVFluTWpRdU9TSkYlMjE1ZTAlMjEzbTIlMjExc2VuJTIxMnMlMjE0djE1NTQ3NDk1MTE5NDMlMjE1bTIlMjExc2VuJTIxMnMlMjIlMjB3aWR0aCUzRCUyMjYwMCUyMiUyMGhlaWdodCUzRCUyMjQ1MCUyMiUyMGZyYW1lYm9yZGVyJTNEJTIyMCUyMiUyMHN0eWxlJTNEJTIyYm9yZGVyJTNBMCUyMiUyMGFsbG93ZnVsbHNjcmVlbiUzRSUzQyUyRmlmcmFtZSUzRQ==&#8221;][\/vc_column][\/vc_row]<\/p>\n","protected":false},"excerpt":{"rendered":"<p>[vc_row][vc_column][rev_slider_vc alias=&#8221;new-slider-me&#8221;][\/vc_column][\/vc_row][vc_row][vc_column][vc_column_text] Guest House Medin Petrovac Kvalitetan smje\u0161taj na najljep\u0161em dijelu crnogorskog primorja [\/vc_column_text][\/vc_column][\/vc_row][vc_row][vc_column width=&#8221;1\/3&#8243;][vc_single_image image=&#8221;1425&#8243; img_size=&#8221;medium&#8221; alignment=&#8221;center&#8221; onclick=&#8221;custom_link&#8221; link=&#8221;https:\/\/montenegromedin.com\/me\/smjestaj\/&#8221;][vc_column_text] Smje\u0161taj [\/vc_column_text][vc_separator color=&#8221;custom&#8221; el_width=&#8221;30&#8243; accent_color=&#8221;#ab9353&#8243; css=&#8221;.vc_custom_1651092935722{margin-top: 0px !important;border-top-width: 0px !important;padding-top: 0px !important;}&#8221;][vc_column_text] Sve na\u0161e sobe imaju kablovsku TV i balkon sa prekrasnim pogledom na ba\u0161tu [\/vc_column_text][\/vc_column][vc_column width=&#8221;1\/3&#8243;][vc_single_image image=&#8221;1430&#8243; img_size=&#8221;medium&#8221; alignment=&#8221;center&#8221; onclick=&#8221;custom_link&#8221; link=&#8221;https:\/\/montenegromedin.com\/me\/rezervacije\/&#8221;][vc_column_text] Rezervacije [\/vc_column_text][vc_separator color=&#8221;custom&#8221; [&hellip;]<\/p>\n","protected":false},"author":1,"featured_media":0,"parent":0,"menu_order":0,"comment_status":"closed","ping_status":"closed","template":"","meta":[],"_links":{"self":[{"href":"https:\/\/montenegromedin.com\/me\/wp-json\/wp\/v2\/pages\/999"}],"collection":[{"href":"https:\/\/montenegromedin.com\/me\/wp-json\/wp\/v2\/pages"}],"about":[{"href":"https:\/\/montenegromedin.com\/me\/wp-json\/wp\/v2\/types\/page"}],"author":[{"embeddable":true,"href":"https:\/\/montenegromedin.com\/me\/wp-json\/wp\/v2\/users\/1"}],"replies":[{"embeddable":true,"href":"https:\/\/montenegromedin.com\/me\/wp-json\/wp\/v2\/comments?post=999"}],"version-history":[{"count":7,"href":"https:\/\/montenegromedin.com\/me\/wp-json\/wp\/v2\/pages\/999\/revisions"}],"predecessor-version":[{"id":1460,"href":"https:\/\/montenegromedin.com\/me\/wp-json\/wp\/v2\/pages\/999\/revisions\/1460"}],"wp:attachment":[{"href":"https:\/\/montenegromedin.com\/me\/wp-json\/wp\/v2\/media?parent=999"}],"curies":[{"name":"wp","href":"https:\/\/api.w.org\/{rel}","templated":true}]}}